{"id":14832,"date":"2018-03-09T23:54:49","date_gmt":"2018-03-09T22:54:49","guid":{"rendered":"https:\/\/ein-herz-fuer-bio.org\/?page_id=14832"},"modified":"2021-12-23T15:44:14","modified_gmt":"2021-12-23T14:44:14","slug":"imprint","status":"publish","type":"page","link":"https:\/\/ein-herz-fuer-bio.org\/en\/imprint\/","title":{"rendered":"Imprint"},"content":{"rendered":"<h2>Angaben gem\u00e4\u00df \u00a7 5 TMG:<\/h2>\n<p>Foodexpertise GmbH<br \/>\nPfenningsbusch 21<br \/>\n22081 Hamburg<\/p>\n<h2>Postadresse:<\/h2>\n<p>B\u00fcroadresse:<br \/>\nArnoldstrasse 6<br \/>\n22765 Hamburg<\/p>\n<h2>Vertreten durch:<\/h2>\n<p>durch die<br \/>\nGesellschafter Dr. Klaus-J\u00fcrgen Holstein und Christine Joos<\/p>\n<h2>Kontakt:<\/h2>\n<p>Telefon:<br \/>\n+4940 46008140<\/p>\n<p>E-Mail: kjholstein@foodexpertise.eu<\/p>\n<h2>Registereintrag:<\/h2>\n<p>Eintragung im Handelsregister.<br \/>\nRegistergericht:Hamburg<br \/>\nRegisternummer: 724251<\/p>\n<h2>Umsatzsteuer:<\/h2>\n<p>Umsatzsteuer-Identifikationsnummer<br \/>\ngem\u00e4\u00df \u00a727 a Umsatzsteuergesetz:<br \/>\nDE 813 586 253<\/p>\n<h2>Verantwortlich f\u00fcr den Inhalt nach \u00a7 55 Abs. 2 RStV:<\/h2>\n<p>Dr. Klaus-J\u00fcrgen Holstein<br \/>\nArnoldstrasse 6<br \/>\n22765 Hamburg<\/p>\n<h2>Streitschlichtung<\/h2>\n<p>Wir sind nicht bereit oder verpflichtet, an Streitbeilegungsverfahren vor einer Verbraucherschlichtungsstelle teilzunehmen.<\/p>\n<h2>Haftung f\u00fcr Inhalte<\/h2>\n<p>Als Diensteanbieter sind wir gem\u00e4\u00df \u00a7 7 Abs.1 TMG f\u00fcr eigene Inhalte auf diesen Seiten nach den allgemeinen Gesetzen verantwortlich. Nach \u00a7\u00a7 8 bis 10 TMG sind wir als Diensteanbieter jedoch nicht verpflichtet, \u00fcbermittelte oder gespeicherte fremde Informationen zu \u00fcberwachen oder nach Umst\u00e4nden zu forschen, die auf eine rechtswidrige T\u00e4tigkeit hinweisen.<\/p>\n<p>Verpflichtungen zur Entfernung oder Sperrung der Nutzung von Informationen nach den allgemeinen Gesetzen bleiben hiervon unber\u00fchrt. Eine diesbez\u00fcgliche Haftung ist jedoch erst ab dem<br \/>\nZeitpunkt der Kenntnis einer konkreten Rechtsverletzung m\u00f6glich. Bei Bekanntwerden von entsprechenden Rechtsverletzungen werden wir diese Inhalte umgehend entfernen.<\/p>\n<h2>Haftung f\u00fcr Links<\/h2>\n<p>Unser Angebot enth\u00e4lt Links zu externen Websites Dritter, auf deren Inhalte wir keinen Einfluss haben. Deshalb k\u00f6nnen wir f\u00fcr diese fremden Inhalte auch keine Gew\u00e4hr \u00fcbernehmen. F\u00fcr die Inhalte der verlinkten Seiten ist stets der jeweilige Anbieter oder Betreiber der Seiten verantwortlich. Die verlinkten Seiten wurden zum Zeitpunkt der Verlinkung auf m\u00f6gliche Rechtsverst\u00f6\u00dfe \u00fcberpr\u00fcft. Rechtswidrige Inhalte waren zum Zeitpunkt der Verlinkung nicht erkennbar.<\/p>\n<p>Eine permanente inhaltliche Kontrolle der verlinkten Seiten ist jedoch ohne konkrete Anhaltspunkte einer Rechtsverletzung nicht zumutbar. Bei Bekanntwerden von Rechtsverletzungen werden wir derartige Links umgehend entfernen.<\/p>\n<h2>Urheberrecht<\/h2>\n<p>Die durch die Seitenbetreiber erstellten Inhalte und Werke auf diesen Seiten unterliegen dem deutschen Urheberrecht. Die Vervielf\u00e4ltigung, Bearbeitung, Verbreitung und jede Art der Verwertung au\u00dferhalb der Grenzen des Urheberrechtes bed\u00fcrfen der schriftlichen Zustimmung des jeweiligen Autors bzw. Erstellers. Downloads und Kopien dieser Seite sind nur f\u00fcr den privaten, nicht kommerziellen Gebrauch gestattet.<\/p>\n<p>Soweit die Inhalte auf dieser Seite nicht vom Betreiber erstellt wurden, werden die Urheberrechte Dritter beachtet. Insbesondere werden Inhalte Dritter als solche gekennzeichnet. Sollten Sie trotzdem auf eine Urheberrechtsverletzung aufmerksam werden, bitten wir um einen entsprechenden Hinweis. Bei Bekanntwerden von Rechtsverletzungen werden wir derartige Inhalte\u00a0 umgehend entfernen.<\/p>\n<p>Quelle: <a href=\"https:\/\/www.e- recht24.de\">https:\/\/www.e-recht24.de<\/a><\/p>\n<p>&nbsp;<\/p>\n<p><b>Konzept, Website Design und Umsetzung:<\/b><\/p>\n<p><a href=\"https:\/\/fabianmieller.de\" target=\"_blank\" rel=\"noopener noreferrer\"><img decoding=\"async\" class=\"alignnone wp-image-15517 size-full\" src=\"https:\/\/ein-herz-fuer-bio.org\/wp-content\/uploads\/2019\/10\/fabian-mieller-logo.png\" alt=\"Fabian Mieller Logo\" width=\"250\" height=\"137\" srcset=\"https:\/\/ein-herz-fuer-bio.org\/wp-content\/uploads\/2019\/10\/fabian-mieller-logo-200x110.png 200w, https:\/\/ein-herz-fuer-bio.org\/wp-content\/uploads\/2019\/10\/fabian-mieller-logo.png 250w\" sizes=\"(max-width: 250px) 100vw, 250px\" \/><\/a><\/p>\n<p><a href=\"https:\/\/fabianmieller.de\/leistungen\/#_design\" target=\"_blank\" rel=\"noopener noreferrer\">Responsive Webdesign<\/a> mit <a href=\"https:\/\/fabianmieller.de\/leistungen\/#_wordpress\" target=\"_blank\" rel=\"noopener noreferrer\">CMS Umsetzung<\/a> von <a href=\"https:\/\/fabianmieller.de\" target=\"_blank\" rel=\"noopener noreferrer\">Fabian Mieller<\/a> aus Hamburg.<\/p>\n<p>&nbsp;<\/p>\n","protected":false},"excerpt":{"rendered":"<p>Angaben gem\u00e4\u00df \u00a7 5 TMG: Foodexpertise GmbH Pfenningsbusch 21 22081 [&hellip;]<\/p>\n","protected":false},"author":10,"featured_media":0,"parent":0,"menu_order":0,"comment_status":"closed","ping_status":"closed","template":"","meta":[],"yoast_head":"<!-- This site is optimized with the Yoast SEO plugin v19.10 - https:\/\/yoast.com\/wordpress\/plugins\/seo\/ -->\n<title>Imprint - Ein Herz f\u00fcr Bio<\/title>\n<meta name=\"robots\" content=\"index, follow, max-snippet:-1, max-image-preview:large, max-video-preview:-1\" \/>\n<link rel=\"canonical\" href=\"https:\/\/ein-herz-fuer-bio.org\/en\/imprint\/\" \/>\n<meta property=\"og:locale\" content=\"en_US\" \/>\n<meta property=\"og:type\" content=\"article\" \/>\n<meta property=\"og:title\" content=\"Imprint - Ein Herz f\u00fcr Bio\" \/>\n<meta property=\"og:description\" content=\"Angaben gem\u00e4\u00df \u00a7 5 TMG: Foodexpertise GmbH Pfenningsbusch 21 22081 [&hellip;]\" \/>\n<meta property=\"og:url\" content=\"https:\/\/ein-herz-fuer-bio.org\/en\/imprint\/\" \/>\n<meta property=\"og:site_name\" content=\"Ein Herz f\u00fcr Bio\" \/>\n<meta property=\"article:modified_time\" content=\"2021-12-23T14:44:14+00:00\" \/>\n<meta property=\"og:image\" content=\"https:\/\/ein-herz-fuer-bio.org\/wp-content\/uploads\/2019\/10\/fabian-mieller-logo.png\" \/>\n<meta name=\"twitter:card\" content=\"summary_large_image\" \/>\n<meta name=\"twitter:label1\" content=\"Est. reading time\" \/>\n\t<meta name=\"twitter:data1\" content=\"2 minutes\" \/>\n<script type=\"application\/ld+json\" class=\"yoast-schema-graph\">{\"@context\":\"https:\/\/schema.org\",\"@graph\":[{\"@type\":\"WebPage\",\"@id\":\"https:\/\/ein-herz-fuer-bio.org\/en\/imprint\/\",\"url\":\"https:\/\/ein-herz-fuer-bio.org\/en\/imprint\/\",\"name\":\"Imprint - Ein Herz f\u00fcr Bio\",\"isPartOf\":{\"@id\":\"https:\/\/ein-herz-fuer-bio.org\/#website\"},\"datePublished\":\"2018-03-09T22:54:49+00:00\",\"dateModified\":\"2021-12-23T14:44:14+00:00\",\"breadcrumb\":{\"@id\":\"https:\/\/ein-herz-fuer-bio.org\/en\/imprint\/#breadcrumb\"},\"inLanguage\":\"en-US\",\"potentialAction\":[{\"@type\":\"ReadAction\",\"target\":[\"https:\/\/ein-herz-fuer-bio.org\/en\/imprint\/\"]}]},{\"@type\":\"BreadcrumbList\",\"@id\":\"https:\/\/ein-herz-fuer-bio.org\/en\/imprint\/#breadcrumb\",\"itemListElement\":[{\"@type\":\"ListItem\",\"position\":1,\"name\":\"Home\",\"item\":\"https:\/\/ein-herz-fuer-bio.org\/en\/\"},{\"@type\":\"ListItem\",\"position\":2,\"name\":\"Imprint\"}]},{\"@type\":\"WebSite\",\"@id\":\"https:\/\/ein-herz-fuer-bio.org\/#website\",\"url\":\"https:\/\/ein-herz-fuer-bio.org\/\",\"name\":\"Ein Herz f\u00fcr Bio\",\"description\":\"- LEH aktuell - Informationen f\u00fcr Einkaufsentscheider - Marken Mehrwert Bio\",\"potentialAction\":[{\"@type\":\"SearchAction\",\"target\":{\"@type\":\"EntryPoint\",\"urlTemplate\":\"https:\/\/ein-herz-fuer-bio.org\/?s={search_term_string}\"},\"query-input\":\"required name=search_term_string\"}],\"inLanguage\":\"en-US\"}]}<\/script>\n<!-- \/ Yoast SEO plugin. -->","yoast_head_json":{"title":"Imprint - Ein Herz f\u00fcr Bio","robots":{"index":"index","follow":"follow","max-snippet":"max-snippet:-1","max-image-preview":"max-image-preview:large","max-video-preview":"max-video-preview:-1"},"canonical":"https:\/\/ein-herz-fuer-bio.org\/en\/imprint\/","og_locale":"en_US","og_type":"article","og_title":"Imprint - Ein Herz f\u00fcr Bio","og_description":"Angaben gem\u00e4\u00df \u00a7 5 TMG: Foodexpertise GmbH Pfenningsbusch 21 22081 [&hellip;]","og_url":"https:\/\/ein-herz-fuer-bio.org\/en\/imprint\/","og_site_name":"Ein Herz f\u00fcr Bio","article_modified_time":"2021-12-23T14:44:14+00:00","og_image":[{"url":"https:\/\/ein-herz-fuer-bio.org\/wp-content\/uploads\/2019\/10\/fabian-mieller-logo.png"}],"twitter_card":"summary_large_image","twitter_misc":{"Est. reading time":"2 minutes"},"schema":{"@context":"https:\/\/schema.org","@graph":[{"@type":"WebPage","@id":"https:\/\/ein-herz-fuer-bio.org\/en\/imprint\/","url":"https:\/\/ein-herz-fuer-bio.org\/en\/imprint\/","name":"Imprint - Ein Herz f\u00fcr Bio","isPartOf":{"@id":"https:\/\/ein-herz-fuer-bio.org\/#website"},"datePublished":"2018-03-09T22:54:49+00:00","dateModified":"2021-12-23T14:44:14+00:00","breadcrumb":{"@id":"https:\/\/ein-herz-fuer-bio.org\/en\/imprint\/#breadcrumb"},"inLanguage":"en-US","potentialAction":[{"@type":"ReadAction","target":["https:\/\/ein-herz-fuer-bio.org\/en\/imprint\/"]}]},{"@type":"BreadcrumbList","@id":"https:\/\/ein-herz-fuer-bio.org\/en\/imprint\/#breadcrumb","itemListElement":[{"@type":"ListItem","position":1,"name":"Home","item":"https:\/\/ein-herz-fuer-bio.org\/en\/"},{"@type":"ListItem","position":2,"name":"Imprint"}]},{"@type":"WebSite","@id":"https:\/\/ein-herz-fuer-bio.org\/#website","url":"https:\/\/ein-herz-fuer-bio.org\/","name":"Ein Herz f\u00fcr Bio","description":"- LEH aktuell - Informationen f\u00fcr Einkaufsentscheider - Marken Mehrwert Bio","potentialAction":[{"@type":"SearchAction","target":{"@type":"EntryPoint","urlTemplate":"https:\/\/ein-herz-fuer-bio.org\/?s={search_term_string}"},"query-input":"required name=search_term_string"}],"inLanguage":"en-US"}]}},"_links":{"self":[{"href":"https:\/\/ein-herz-fuer-bio.org\/en\/wp-json\/wp\/v2\/pages\/14832"}],"collection":[{"href":"https:\/\/ein-herz-fuer-bio.org\/en\/wp-json\/wp\/v2\/pages"}],"about":[{"href":"https:\/\/ein-herz-fuer-bio.org\/en\/wp-json\/wp\/v2\/types\/page"}],"author":[{"embeddable":true,"href":"https:\/\/ein-herz-fuer-bio.org\/en\/wp-json\/wp\/v2\/users\/10"}],"replies":[{"embeddable":true,"href":"https:\/\/ein-herz-fuer-bio.org\/en\/wp-json\/wp\/v2\/comments?post=14832"}],"version-history":[{"count":7,"href":"https:\/\/ein-herz-fuer-bio.org\/en\/wp-json\/wp\/v2\/pages\/14832\/revisions"}],"predecessor-version":[{"id":16165,"href":"https:\/\/ein-herz-fuer-bio.org\/en\/wp-json\/wp\/v2\/pages\/14832\/revisions\/16165"}],"wp:attachment":[{"href":"https:\/\/ein-herz-fuer-bio.org\/en\/wp-json\/wp\/v2\/media?parent=14832"}],"curies":[{"name":"wp","href":"https:\/\/api.w.org\/{rel}","templated":true}]}}